{"id":217,"date":"2022-10-10T14:50:47","date_gmt":"2022-10-10T05:50:47","guid":{"rendered":"https:\/\/www.pokemonunite.asia\/?page_id=217"},"modified":"2026-01-07T13:44:17","modified_gmt":"2026-01-07T04:44:17","slug":"guideline","status":"publish","type":"page","link":"https:\/\/www.pokemonunite.jp\/id\/guideline\/","title":{"rendered":"Panduan penggunaan video maupun gambar Pok\u00e9mon UNITE"},"content":{"rendered":"\n<div class=\"guideline\">\n<h2 class=\"main_h2 guideline\">Panduan penggunaan video maupun gambar Pok\u00e9mon UNITE<\/h2>\n<p class=\"main_txt\">Terima kasih sedalam-dalamnya telah selalu menikmati [Pok\u00e9mon UNITE].<br \/><br class=\"sp\"><br \/>\n                The Pok\u00e9mon Company (Selanjutnya disebut &#8220;Perusahaan Kami&#8221;), menetapkan panduan berikut (Selanjutnya disebut &#8220;Panduan Ini&#8221;), agar pelanggan dapat dengan aman berbagi maupun menyebarkan pertarungan seru [Pok\u00e9mon UNITE] dengan lebih banyak lagi pemain dari seluruh dunia. <br \/><br class=\"sp\"><br \/>\n                Selama pelanggan menaati Pedoman Ini, Perusahaan Kami tidak akan melakukan klaim terhadap pelanggan yang menggunakan rekaman video\/tangkapan layar saat memainkan [Pok\u00e9mon UNITE] termasuk juga video maupun gambar yang menggunakan rekaman video\/tangkapan layar tersebut (Secara keseluruhan, selanjutnya disebut &#8220;Video maupun Gambar Terkait Pok\u00e9mon UNITE&#8221;).<br \/><br class=\"sp\">Perusahaan Kami mengharapkan pelanggan dapat lebih lagi menikmati [Pok\u00e9mon UNITE] dengan adanya Panduan Ini.Akan tetapi, Video maupun Gambar Terkait Pok\u00e9mon UNITE yang tidak mengikuti Pedoman Ini atau yang dinilai tidak pantas oleh Perusahaan Kami tidak termasuk dalam hal ini dan Perusahaan Kami dapat melakukan tuntutan maupun tindakan hukum yang sesuai.<\/p>\n<\/p><\/div>\n<article>\n<section class=\"guide\">\n<h2 class=\"guideline_h2\">Detil Pedoman<\/h2>\n<dl class=\"guideline_dl\">\n<dt class=\"guideline_dt\">Cangkupan penggunaan yang diizinkan :<\/dt>\n<dd class=\"guideline_dd\">Selama tidak bersifat komersial, video maupun Gambar Terkait Pok\u00e9mon UNITE dapat diunggah ke situs web termasuk situs pembagian video dan SNS.<br \/><br class=\"sp\">Akan tetapi, apabila situs yang digunakan meyediakan fungsi rekan resmi, seperti Youtube dan Nico Nico Douga, maka unggahan dapat dimonetasikan.<\/dd>\n<\/dl>\n<dl class=\"guideline_dl\">\n<dt class=\"guideline_dt\">Hal yang dilarang :<\/dt>\n<dd class=\"guideline_dd\">Harap untuk tidak melakukan hal berikut terkait Video maupun Gambar Terkait Pok\u00e9mon UNITE.<\/dd>\n<dd class=\"guideline_dd guideline_dd--note\">Membagikan kepada orang lain dengan tujuan utama bukan untuk menunjukkan cara menikmati atau cara bermain [Pok\u00e9mon UNITE] (Contoh : mendorong tindakan ilegal, diskriminasi, fitnah terhadap orang lain, digunakan untuk kegiatan politik atau agama dan sebagainya)<\/dd>\n<dd class=\"guideline_dd guideline_dd--note\">Penyuntingan berlebihan atau pemrosesan signifikan yang dapat membuat kesalahpahaman isi game.<\/dd>\n<dd class=\"guideline_dd guideline_dd--note\">Bertujuan mengambil hanya elemen dalam [Pok\u00e9mon UNITE] (Ilustrasi maupun musik dan sebagainya) dan mendistribusikannya kepada orang lain, atau untuk membuat karya sekunder (Game maupun aplikasi dan sebagainya) selain video dan gambar.<\/dd>\n<dd class=\"guideline_dd guideline_dd--note\">Mengunggah pada situs web maupun SNS yang berisi konten ilegal atau menyinggung ketertiban umum dan moral.<\/dd>\n<dd class=\"guideline_dd guideline_dd--note\">Mengunggah pada situs web maupun SNS yang melarang unggahan perangkat lunak game Perusahaan Kami.<\/dd>\n<dd class=\"guideline_dd guideline_dd--note\">Memperkenalkan atau mendorong penggunaan tidak lazim [Pok\u00e9mon UNITE] seperti yang disebut tindakan curang atau akses tidak sah dan sebagainya.<\/dd>\n<dd class=\"guideline_dd guideline_dd--note\">Berpura-pura menjadi rekan kerja sama atau sponsor resmi dari Perusahaan Kami atau pihak ketiga, atau menyesatkan orang lain untuk salah mengartikan kebenaran.<\/dd>\n<dd class=\"guideline_dd guideline_dd--note\">Menggunakan konten pembicaraan suara maupun pembicaraan teks bebas yang diucapkan oleh orang lain selain pelanggan sendiri tanpa mendapatkan persetujuan dari pembicara bersangkutan.<\/dd>\n<\/dl>\n<dl class=\"guideline_dl\">\n<dt class=\"guideline_dt\">Lainnya :<\/dt>\n<dd class=\"guideline_dd guideline_dd--note\">Apabila hak kekayaan intelektual pihak ketiga digunakan dalam Video maupun Gambar Terkait Pok\u00e9mon UNITE, izin dari pihak ketiga bersangkutan perlu didapatkan selain menaati Pedoman Ini.<br \/><br class=\"sp\">Perusahaan Kami tidak dapat menjawab pertanyaan individual mengenai kepemilikan hak.<\/dd>\n<dd class=\"guideline_dd guideline_dd--note\">Perusahaan Kami berencana untuk menyediakan materi gambar termasuk logo [Pok\u00e9mon UNITE] di situs resmi [Pok\u00e9mon UNITE] dan sebagainya.<br \/><br class=\"sp\">Materi gambar dapat digunakan untuk Video maupun Gambar Terkait Pok\u00e9mon UNITE, akan tetapi harap ikuti Panduan Ini dan aturan penggunaan yang ditetapkan secara terpisah saat menggunakannya.<\/dd>\n<\/dl>\n<p class=\"guideline_txt\">Panduan Ini dapat berubah tanpa pengumuman.Apabila terjadi perubahan, isi yang diubah akan ditampilkan di halaman ini, harap pelanggan memastikan setiap saat.Selain itu, Perusahaan Kami tidak bertanggung jawab atas segala kerugian yang disebabkan oleh perubahan dari Pedoman Ini.<br \/><br class=\"sp\">Panduan Ini hanya berlaku terbatas untuk perangkat lunak game [Pok\u00e9mon UNITE].<br \/><br class=\"sp\">Perangkat lunak game selain [Pok\u00e9mon UNITE] dan konten [Pok\u00e9mon] lainnya tidak tercakup dalam Pedoman Ini.<br \/><br class=\"sp\">Perusahaan Kami tidak menjawab pertanyaan individual atau permintaan lisensi individual terkait Pedoman Ini.<\/p>\n<p class=\"guideline_day\">Ditetapkan pada 21 Juli 2021<\/p>\n<\/section>\n<\/article>\n","protected":false},"excerpt":{"rendered":"<p>Panduan penggunaan video maupun gambar Pok\u00e9mon UNITE Terima kasih sedalam-dalamnya telah selalu menikmati [Pok\u00e9mon UNITE]. The Pok\u00e9mon Company (Selanjutnya disebut &#8220;Perusahaan Kami&#8221;), menetapkan panduan berikut (Selanjutnya disebut &#8220;Panduan Ini&#8221;), agar pelanggan dapat dengan aman berbagi maupun menyebarkan pertarungan seru [Pok\u00e9mon UNITE] dengan lebih banyak lagi pemain dari seluruh dunia. Selama pelanggan menaati Pedoman Ini, Perusahaan [&hellip;]<\/p>\n","protected":false},"author":9,"featured_media":0,"parent":0,"menu_order":0,"comment_status":"closed","ping_status":"closed","template":"","meta":{"_acf_changed":false,"_locale":"id_ID","_original_post":"https:\/\/www.pokemonunite.asia\/?page_id=22","footnotes":""},"class_list":["post-217","page","type-page","status-publish","hentry","id-ID"],"acf":[],"_links":{"self":[{"href":"https:\/\/www.pokemonunite.jp\/wp-json\/wp\/v2\/pages\/217"}],"collection":[{"href":"https:\/\/www.pokemonunite.jp\/wp-json\/wp\/v2\/pages"}],"about":[{"href":"https:\/\/www.pokemonunite.jp\/wp-json\/wp\/v2\/types\/page"}],"author":[{"embeddable":true,"href":"https:\/\/www.pokemonunite.jp\/wp-json\/wp\/v2\/users\/9"}],"replies":[{"embeddable":true,"href":"https:\/\/www.pokemonunite.jp\/wp-json\/wp\/v2\/comments?post=217"}],"version-history":[{"count":1,"href":"https:\/\/www.pokemonunite.jp\/wp-json\/wp\/v2\/pages\/217\/revisions"}],"predecessor-version":[{"id":3853,"href":"https:\/\/www.pokemonunite.jp\/wp-json\/wp\/v2\/pages\/217\/revisions\/3853"}],"wp:attachment":[{"href":"https:\/\/www.pokemonunite.jp\/wp-json\/wp\/v2\/media?parent=217"}],"curies":[{"name":"wp","href":"https:\/\/api.w.org\/{rel}","templated":true}]}}