{"id":84,"date":"2022-09-13T04:47:01","date_gmt":"2022-09-12T19:47:01","guid":{"rendered":"https:\/\/www.pokemonunite.asia\/?page_id=84"},"modified":"2026-02-17T18:22:18","modified_gmt":"2026-02-17T09:22:18","slug":"about","status":"publish","type":"page","link":"https:\/\/www.pokemonunite.jp\/en\/howtoplay\/about\/","title":{"rendered":"What are Unite Battles?"},"content":{"rendered":"\n<p class=\"main_bg\">\n            <picture><source media=\"(min-width: 751px)\" srcset=\"https:\/\/www.pokemonunite.jp\/wp-content\/themes\/p-unite\/img\/howtoplay\/about_main_bg.png\" alt=\"\" width=\"1440\" height=\"721\"><img loading=\"lazy\" decoding=\"async\" src=\"https:\/\/www.pokemonunite.jp\/wp-content\/themes\/p-unite\/img\/howtoplay\/sp_about_main_bg.png\" alt=\"\" width=\"750\" height=\"850\">\n            <\/picture><\/p>\n<h2 class=\"main_h2\">\n            <picture><source media=\"(min-width: 751px)\" srcset=\"https:\/\/www.pokemonunite.jp\/wp-content\/themes\/p-unite\/img\/howtoplay\/about_h2_en.png\" alt=\"What are Unite Battles? Unite Battles take place on Aeos Island!\" width=\"724\" height=\"214\"><img loading=\"lazy\" decoding=\"async\" src=\"https:\/\/www.pokemonunite.jp\/wp-content\/themes\/p-unite\/img\/howtoplay\/sp_about_h2_en.png\" alt=\"What are Unite Battles? Unite Battles take place on Aeos Island!\" width=\"661\" height=\"217\">\n            <\/picture>\n        <\/h2>\n<p class=\"main_txt\">&#8220;Pok\u00e9mon UNITE&#8221; takes place on &#8220;Aeos Island&#8221;, a mythical island said to be on the ocean\u2019s unexplored frontier. <br \/><br class=\"sp\">The team-based Pok\u00e9mon battles held hear are called &#8220;Unite Battles.&#8221; In Unite Battles, Pok\u00e9mon Trainers teams up to score points in the alloted time.<br \/><br class=\"sp\">During the matches, participating Pok\u00e9mon will experience growth and evolve, creating a special, never before seen type of Pok\u00e9mon battle.<br \/><br class=\"sp\">It&#8217;s certainly the stage where fans around the world have been longing for!<\/p>\n<article>\n<section class=\"chara\">\n<ul class=\"chara_ul\">\n<li class=\"chara_li chara_li--left\">\n<p class=\"chara_name\">\n                            <picture><source media=\"(min-width: 751px)\" srcset=\"https:\/\/www.pokemonunite.jp\/wp-content\/themes\/p-unite\/img\/howtoplay\/l_name_en.png\"><img decoding=\"async\" src=\"https:\/\/www.pokemonunite.jp\/wp-content\/themes\/p-unite\/img\/howtoplay\/sp_l_name_en.png\" alt=\"\">\n                            <\/picture><\/p>\n<p class=\"chara_txt\">\n                            The genius scientist who successfully discovered and implemented the use of Aeos Energy, which can be found only on Aeos Island.\n                        <\/p>\n<p class=\"chara_img\"><img loading=\"lazy\" decoding=\"async\" src=\"https:\/\/www.pokemonunite.jp\/wp-content\/themes\/p-unite\/img\/howtoplay\/l_chara.png\" width=\"226\" height=\"562\" alt=\"\"><\/p>\n<\/li>\n<li class=\"chara_li chara_li--right\">\n<p class=\"chara_name\">\n                            <picture><source media=\"(min-width: 751px)\" srcset=\"https:\/\/www.pokemonunite.jp\/wp-content\/themes\/p-unite\/img\/howtoplay\/r_name_en.png\"><img decoding=\"async\" src=\"https:\/\/www.pokemonunite.jp\/wp-content\/themes\/p-unite\/img\/howtoplay\/sp_r_name_en.png\" alt=\"\">\n                            <\/picture><\/p>\n<p class=\"chara_txt\">A researcher on Aeos Energy.Also the manager of the Unite Battle rules.\n                        <\/p>\n<p class=\"chara_img\"><img loading=\"lazy\" decoding=\"async\" src=\"https:\/\/www.pokemonunite.jp\/wp-content\/themes\/p-unite\/img\/howtoplay\/r_chara.png\" width=\"276\" height=\"599\" alt=\"\"><\/p>\n<\/li>\n<\/ul>\n<\/section>\n<\/article>\n<article>\n<section>\n<h2 class=\"sec_h2\"><span>Choose Pok\u00e9mon for Battles!<\/span><\/h2>\n<p class=\"sec_txt\">To participate in Unite Battles, you choose one Pok\u00e9mon from among &#8220;Unite Licenses&#8221; you have.<\/p>\n<ul class=\"sec_imgul\">\n<li class=\"sec_imgli\">\n                        <img loading=\"lazy\" decoding=\"async\" src=\"https:\/\/www.pokemonunite.jp\/wp-content\/themes\/p-unite\/img\/howtoplay\/about_img001.png\" width=\"584\" height=\"333\" alt=\"\"><\/p>\n<p class=\"sec_imgtxt\">Before the battles, each team&#8217;s trainers can choose up to one individual Pokemon.<\/p>\n<\/li>\n<li class=\"sec_imgli\">\n                        <img loading=\"lazy\" decoding=\"async\" src=\"https:\/\/www.pokemonunite.jp\/wp-content\/themes\/p-unite\/img\/howtoplay\/about_img002.png\" width=\"584\" height=\"333\" alt=\"\"><\/p>\n<p class=\"sec_imgtxt\">Get multiple Unite Licenses and battle with a variaety of different Pok\u00e9mon!<\/p>\n<\/li>\n<\/ul>\n<h2 class=\"sec_h2\"><span>Use Team Plays to <br class=\"sp\">Score Goals!<\/span><\/h2>\n<p class=\"sec_txt\">At the end of Unite Battles, the team with the most points wins! To score, players collect Aeos energy by defeating wild Pok\u00e9mon, which they must then bring to an opposing goal.<br \/><br class=\"sp\">The opponents Pok\u00e9mon interrupts your Pok\u00e9mon, so scoring won&#8217;t be a simple walk in the park!<\/p>\n<ul class=\"sec_imgul\">\n<li class=\"sec_imgli\">\n                        <img loading=\"lazy\" decoding=\"async\" src=\"https:\/\/www.pokemonunite.jp\/wp-content\/themes\/p-unite\/img\/howtoplay\/about_img003.png\" width=\"584\" height=\"333\" alt=\"\"><\/p>\n<p class=\"sec_imgtxt\">If you&#8217;re able to score safely in the one of the opponent&#8217;s goal zones, the amount of held Aeos Energy will be added to your team&#8217;s score!<\/p>\n<\/li>\n<li class=\"sec_imgli\">\n                        <img loading=\"lazy\" decoding=\"async\" src=\"https:\/\/www.pokemonunite.jp\/wp-content\/themes\/p-unite\/img\/howtoplay\/about_img004.png\" width=\"584\" height=\"333\" alt=\"\"><\/p>\n<p class=\"sec_imgtxt\">You will miss the goal if you are blocked by opponents when you try to score!<\/p>\n<\/li>\n<\/ul>\n<\/section>\n<\/article>\n<article>\n<section>\n<ul class=\"link_ul\">\n<li class=\"link_li n_active\"><span>What are <br \/><br class=\"sp\">Unite Battles?<\/span><\/li>\n<li class=\"link_li\"><a href=\"\/en\/howtoplay\/arena\/\">The Unite <br \/><br class=\"sp\">Battle Arena<\/a><\/li>\n<li class=\"link_li\"><a href=\"\/en\/howtoplay\/tips\/\">Tips for <br \/><br class=\"sp\">Unite Battles<\/a><\/li>\n<\/ul>\n<\/section>\n<\/article>\n","protected":false},"excerpt":{"rendered":"<p>&#8220;Pok\u00e9mon UNITE&#8221; takes place on &#8220;Aeos Island&#8221;, a mythical island said to be on the ocean\u2019s unexplored frontier. The team-based Pok\u00e9mon battles held hear are called &#8220;Unite Battles.&#8221; In Unite Battles, Pok\u00e9mon Trainers teams up to score points in the alloted time.During the matches, participating Pok\u00e9mon will experience growth and evolve, creating a special, never [&hellip;]<\/p>\n","protected":false},"author":9,"featured_media":0,"parent":90,"menu_order":0,"comment_status":"closed","ping_status":"closed","template":"","meta":{"_acf_changed":false,"_locale":"en_US","_original_post":"https:\/\/www.pokemonunite.asia\/?page_id=12","footnotes":""},"class_list":["post-84","page","type-page","status-publish","hentry","en-US"],"acf":[],"_links":{"self":[{"href":"https:\/\/www.pokemonunite.jp\/wp-json\/wp\/v2\/pages\/84"}],"collection":[{"href":"https:\/\/www.pokemonunite.jp\/wp-json\/wp\/v2\/pages"}],"about":[{"href":"https:\/\/www.pokemonunite.jp\/wp-json\/wp\/v2\/types\/page"}],"author":[{"embeddable":true,"href":"https:\/\/www.pokemonunite.jp\/wp-json\/wp\/v2\/users\/9"}],"replies":[{"embeddable":true,"href":"https:\/\/www.pokemonunite.jp\/wp-json\/wp\/v2\/comments?post=84"}],"version-history":[{"count":2,"href":"https:\/\/www.pokemonunite.jp\/wp-json\/wp\/v2\/pages\/84\/revisions"}],"predecessor-version":[{"id":4470,"href":"https:\/\/www.pokemonunite.jp\/wp-json\/wp\/v2\/pages\/84\/revisions\/4470"}],"up":[{"embeddable":true,"href":"https:\/\/www.pokemonunite.jp\/wp-json\/wp\/v2\/pages\/90"}],"wp:attachment":[{"href":"https:\/\/www.pokemonunite.jp\/wp-json\/wp\/v2\/media?parent=84"}],"curies":[{"name":"wp","href":"https:\/\/api.w.org\/{rel}","templated":true}]}}