{"id":277,"date":"2022-10-11T07:28:07","date_gmt":"2022-10-10T22:28:07","guid":{"rendered":"https:\/\/www.pokemonunite.asia\/?page_id=277"},"modified":"2026-02-18T18:13:32","modified_gmt":"2026-02-18T09:13:32","slug":"item","status":"publish","type":"page","link":"https:\/\/www.pokemonunite.jp\/en\/item\/","title":{"rendered":"ITEMS"},"content":{"rendered":"<p class=\"main_bg\">\n    <picture><source media=\"(min-width: 751px)\" srcset=\"https:\/\/www.pokemonunite.jp\/wp-content\/themes\/p-unite\/img\/item\/item_main_bg.png\" width=\"1440\" height=\"701\" alt=\"\"><img loading=\"lazy\" decoding=\"async\" src=\"https:\/\/www.pokemonunite.jp\/wp-content\/themes\/p-unite\/img\/item\/sp_item_main_bg.png\" width=\"750\" height=\"850\" alt=\"\">\n    <\/picture><\/p>\n<h2 class=\"main_h2\">\n    <picture><source media=\"(min-width: 751px)\" srcset=\"https:\/\/www.pokemonunite.jp\/wp-content\/themes\/p-unite\/img\/item\/item_h2_en.png\" width=\"337\" height=\"73\" alt=\"Get Items!\"><img loading=\"lazy\" decoding=\"async\" src=\"https:\/\/www.pokemonunite.jp\/wp-content\/themes\/p-unite\/img\/item\/sp_item_h2_en.png\" width=\"337\" height=\"73\" alt=\"Get Items!\">\n    <\/picture>\n<\/h2>\n<p class=\"main_txt\">Aeos Tickets, and Aeos Gems (paid) are the 2 types of currency that can be used in Pok\u00e9mon UNITE. You can earn Aeos Tickets by playing the game. Use them to purchase Fashion!<\/p>\n<article>\n<section>\n<h2 class=\"sec_h2\"><span>Enjoy Pok\u00e9mon Unite even more with the Battle Pass<\/span><\/h2>\n<p class=\"sec_txt\">There is the Battle Pass system in Pok\u00e9mon Unite. If cleared within the allotted time through gamplay, you can earn a variety of rewards such as a fashion or Aeos Tickets. Using Aeos gems to upgrade your Battle Pass will add some magnficent rewards even greater like Holowear.<\/p>\n<ul class=\"sec_imgul\">\n<li class=\"sec_imgli\">\n                <img loading=\"lazy\" decoding=\"async\" src=\"https:\/\/www.pokemonunite.jp\/wp-content\/themes\/p-unite\/img\/item\/item_img001.png\" width=\"584\" height=\"269\" alt=\"\"><\/p>\n<p class=\"sec_imgtxt\">Amazing rewards await you with the Battle Pass! Upgrade to see even more!<\/p>\n<\/li>\n<li class=\"sec_imgli\">\n                <img loading=\"lazy\" decoding=\"async\" src=\"https:\/\/www.pokemonunite.jp\/wp-content\/themes\/p-unite\/img\/item\/item_img002.png\" width=\"584\" height=\"269\" alt=\"\"><\/p>\n<p class=\"sec_imgtxt\">Get Rewards for Clearing the Missions!<\/p>\n<\/li>\n<\/ul>\n<\/section>\n<section>\n<h2 class=\"sec_h2\"><span>Introducing Useful Items for Unite Battles!<\/span><\/h2>\n<h3 class=\"sec_h3\"><span>Held Items for Pok\u00e9mon<\/span><\/h3>\n<h3 class=\"sec_txt\">Pok\u00e9mon participating in Unite Battles can have up to 3 held items to enhance their abilities. There are over 15 different types, so find a combination to bring out your Pok\u00e9mon&#8217;s true potential.<\/h3>\n<ul class=\"sec_imgul item\">\n<li class=\"sec_imgli\">\n                <img loading=\"lazy\" decoding=\"async\" src=\"https:\/\/www.pokemonunite.jp\/wp-content\/themes\/p-unite\/img\/item\/item_img003.png\" width=\"584\" height=\"269\" alt=\"\">\n            <\/li>\n<li class=\"sec_imgli\">\n                <img loading=\"lazy\" decoding=\"async\" src=\"https:\/\/www.pokemonunite.jp\/wp-content\/themes\/p-unite\/img\/item\/item_img004.png\" width=\"584\" height=\"269\" alt=\"\">\n            <\/li>\n<\/ul>\n<h3 class=\"sec_h3\"><span>Battle Items<\/span><\/h3>\n<h3 class=\"sec_txt\">Each time your trainer level increases, you&#8217;ll get a &#8220;Battle Item&#8221;. You can use them to support your Pok\u00e9mon. Only one Battle Item can be brought to each match so choose wisely. Time to introduce some of the Battle Items!<\/h3>\n<ul class=\"battle-item_list\">\n<li class=\"battle-item_list_item\">\n<div class=\"item_inner\">\n<p class=\"item_img\"><img loading=\"lazy\" decoding=\"async\" src=\"https:\/\/www.pokemonunite.jp\/wp-content\/themes\/p-unite\/img\/item\/item_icon01.png\" width=\"214\" height=\"216\" alt=\"Potion\"><\/p>\n<div class=\"item_txtarea\">\n<h4 class=\"item_ttl\"><span>Potion<\/span><\/h4>\n<p class=\"item_txt\">Using &#8220;Potion&#8221; restore some of your Pok\u00e9mon&#8217;s HP<\/p>\n<\/p><\/div>\n<\/p><\/div>\n<\/li>\n<li class=\"battle-item_list_item\">\n<div class=\"item_inner\">\n<p class=\"item_img\"><img loading=\"lazy\" decoding=\"async\" src=\"https:\/\/www.pokemonunite.jp\/wp-content\/themes\/p-unite\/img\/item\/item_icon02.png\" width=\"214\" height=\"216\" alt=\"X Attack\"><\/p>\n<div class=\"item_txtarea\">\n<h4 class=\"item_ttl\"><span>X Attack<\/span><\/h4>\n<p class=\"item_txt\">Using an &#8220;X Attack&#8221; raise your Pok\u00e9mon&#8217;s Attack and Sp. Attack for a short time.<\/p>\n<\/p><\/div>\n<\/p><\/div>\n<\/li>\n<li class=\"battle-item_list_item\">\n<div class=\"item_inner\">\n<p class=\"item_img\"><img loading=\"lazy\" decoding=\"async\" src=\"https:\/\/www.pokemonunite.jp\/wp-content\/themes\/p-unite\/img\/item\/item_icon03.png\" width=\"214\" height=\"216\" alt=\"Eject Button\"><\/p>\n<div class=\"item_txtarea\">\n<h4 class=\"item_ttl\"><span>Eject Button<\/span><\/h4>\n<p class=\"item_txt\">Using an &#8220;Eject Button&#8221; quickly moves your Pok\u00e9mon&#8217;s in the designated direction.<\/p>\n<\/p><\/div>\n<\/p><\/div>\n<\/li>\n<li class=\"battle-item_list_item\">\n<div class=\"item_inner\">\n<p class=\"item_img\"><img loading=\"lazy\" decoding=\"async\" src=\"https:\/\/www.pokemonunite.jp\/wp-content\/themes\/p-unite\/img\/item\/item_icon04.png\" width=\"214\" height=\"216\" alt=\"Goal-Getter\"><\/p>\n<div class=\"item_txtarea\">\n<h4 class=\"item_ttl\"><span>Goal-Getter<\/span><\/h4>\n<p class=\"item_txt\">Using a &#8220;Goal Getter&#8221; shortens goal-scoring speed for a short time.<\/p>\n<\/p><\/div>\n<\/p><\/div>\n<\/li>\n<\/ul>\n<\/section>\n<\/article>\n","protected":false},"excerpt":{"rendered":"<p>Aeos Tickets, and Aeos Gems (paid) are the 2 types of currency that can be used in Pok\u00e9mon UNITE. You can earn Aeos Tickets by playing the game. Use them to purchase Fashion! Enjoy Pok\u00e9mon Unite even more with the Battle Pass There is the Battle Pass system in Pok\u00e9mon Unite. If cleared within the [&hellip;]<\/p>\n","protected":false},"author":9,"featured_media":0,"parent":0,"menu_order":0,"comment_status":"closed","ping_status":"closed","template":"","meta":{"_acf_changed":false,"_locale":"en_US","_original_post":"https:\/\/www.pokemonunite.asia\/?page_id=18","footnotes":""},"class_list":["post-277","page","type-page","status-publish","hentry","en-US"],"acf":[],"_links":{"self":[{"href":"https:\/\/www.pokemonunite.jp\/wp-json\/wp\/v2\/pages\/277"}],"collection":[{"href":"https:\/\/www.pokemonunite.jp\/wp-json\/wp\/v2\/pages"}],"about":[{"href":"https:\/\/www.pokemonunite.jp\/wp-json\/wp\/v2\/types\/page"}],"author":[{"embeddable":true,"href":"https:\/\/www.pokemonunite.jp\/wp-json\/wp\/v2\/users\/9"}],"replies":[{"embeddable":true,"href":"https:\/\/www.pokemonunite.jp\/wp-json\/wp\/v2\/comments?post=277"}],"version-history":[{"count":4,"href":"https:\/\/www.pokemonunite.jp\/wp-json\/wp\/v2\/pages\/277\/revisions"}],"predecessor-version":[{"id":4514,"href":"https:\/\/www.pokemonunite.jp\/wp-json\/wp\/v2\/pages\/277\/revisions\/4514"}],"wp:attachment":[{"href":"https:\/\/www.pokemonunite.jp\/wp-json\/wp\/v2\/media?parent=277"}],"curies":[{"name":"wp","href":"https:\/\/api.w.org\/{rel}","templated":true}]}}