{"id":216,"date":"2022-09-27T07:57:51","date_gmt":"2022-09-26T22:57:51","guid":{"rendered":"https:\/\/www.pokemonunite.asia\/?page_id=216"},"modified":"2026-01-07T13:42:13","modified_gmt":"2026-01-07T04:42:13","slug":"guideline","status":"publish","type":"page","link":"https:\/\/www.pokemonunite.jp\/en\/guideline\/","title":{"rendered":"About the Use of Video and Images"},"content":{"rendered":"\n<div class=\"guideline\">\n<h2 class=\"main_h2 guideline\">Guidelines in Regards to the Use of Video and Images from Pok\u00e9mon UNITE<\/h2>\n<p class=\"main_txt\">Here at The Pok\u00e9mon Company, we have established certain guidlines so that fans and players around the world may safely share their passion for Pok\u00e9mon UNITE.<br \/>Here at The Pok\u00e9mon Company, we have established certain guidlines so that fans and players around the world may safely share their passion for Pok\u00e9mon UNITE.<br \/>As long as you comply with the guidelines listed, screenshots, video capture, and and appropriate, related content (collectively referred to as &#8220;&#8221;Guidelines in Regards to the Use of Video and Images from Pok\u00e9mon UNITE&#8221;&#8221;) will not be deemed as copright infringement.We hope that these guidlines will help you further enjoy &#8220;Pok\u00e9mon UNITE.&#8221; However, any video or imagery from Pok\u00e9mon UNITE that is deemed against guidelines or inappropriate by the company&#8217;s judgement a removal request or legal action will be taken in order have the content in question removed.<\/p>\n<\/p><\/div>\n<article>\n<section class=\"guide\">\n<h2 class=\"guideline_h2\">Guideline Details<\/h2>\n<dl class=\"guideline_dl\">\n<dt class=\"guideline_dt\">Possible Forms of Use:<\/dt>\n<dd class=\"guideline_dd\">Limited to non-profit purposes, videos and imagery related to Pok\u00e9mon UNITE are able to be posted on social media and other video sharing websites.<\/dd>\n<\/dl>\n<dl class=\"guideline_dl\">\n<dt class=\"guideline_dt\">Prohibited Uses:<\/dt>\n<dd class=\"guideline_dd\">In regards to the use of video and images from Pok\u00e9mon UNITE, please refrain from the following actions.<\/dd>\n<dd class=\"guideline_dd guideline_dd--note\">The main purpose of Pok\u00e9mon UNITE is to create a fun playing environment. Any action against that purpose is prohibited. (Example: Promotion of illegal acts, discrimination, causeing harm to others, political or religious uses, etc.)<\/dd>\n<dd class=\"guideline_dd guideline_dd--note\">Excessive editing or manipulation that is misleading to the content of the game<\/dd>\n<dd class=\"guideline_dd guideline_dd--note\">Extraction and distribution of Pok\u00e9mon UNITE contents (illustrations, music, etc.) or production of derivitive work (games, applictions. etc.) other than recorded videos and images.<\/dd>\n<dd class=\"guideline_dd guideline_dd--note\">Uploading anything online in which the contents may violate the law or moral policy<\/dd>\n<dd class=\"guideline_dd guideline_dd--note\">Uploading anything related to company software on banned websites<\/dd>\n<dd class=\"guideline_dd guideline_dd--note\">The introduction\/support of cheating or unauthorized access and use of Pok\u00e9mon UNITE.<\/dd>\n<dd class=\"guideline_dd guideline_dd--note\">Contrary to facts, misleading users to believe they have received official sponsorship from the company.<\/dd>\n<dd class=\"guideline_dd guideline_dd--note\">Using contents of voice\/open text chat other than one&#8217;s own without the consent of the other party.<\/dd>\n<\/dl>\n<dl class=\"guideline_dl\">\n<dt class=\"guideline_dt\">Other:<\/dt>\n<dd class=\"guideline_dd guideline_dd--note\">If a third party&#8217;s intellectual property is used within a video or image related to Pok\u00e9mon UNITE, permission from the third party is required in addition to following our guidelines. Our company cannot respond to individual inquiries regarding the location of rights.<\/dd>\n<dd class=\"guideline_dd guideline_dd--note\">Our company to provide images such as the Pok\u00e9mon UNITE logo on the official Pok\u00e9mon UNITE website. Appropriate materials can be used for videos and still images related to Pok\u00e9mon UNITE, but we please ask that you refer to the guidelines provided separately.<\/dd>\n<\/dl>\n<p class=\"guideline_txt\">Guidlines subject to change without prior notice. In the case of a change, details regarding the changes will be written here. Please check them whenever possible. In addition, we are not responsible for damages caused by a change in these guidelines. These guidlines apply only to the Pok\u00e9mon UNITE game. Any software other than Pok\u00e9mon UNITE such as other Pok\u00e9mon content is outside the scope of these guidelines.<\/p>\n<p class=\"guideline_day\">Established July 21, 2021<\/p>\n<\/section>\n<\/article>\n","protected":false},"excerpt":{"rendered":"<p>Guidelines in Regards to the Use of Video and Images from Pok\u00e9mon UNITE Here at The Pok\u00e9mon Company, we have established certain guidlines so that fans and players around the world may safely share their passion for Pok\u00e9mon UNITE.Here at The Pok\u00e9mon Company, we have established certain guidlines so that fans and players around the [&hellip;]<\/p>\n","protected":false},"author":9,"featured_media":0,"parent":0,"menu_order":0,"comment_status":"closed","ping_status":"closed","template":"","meta":{"_acf_changed":false,"_locale":"en_US","_original_post":"https:\/\/www.pokemonunite.asia\/?page_id=22","footnotes":""},"class_list":["post-216","page","type-page","status-publish","hentry","en-US"],"acf":[],"_links":{"self":[{"href":"https:\/\/www.pokemonunite.jp\/wp-json\/wp\/v2\/pages\/216"}],"collection":[{"href":"https:\/\/www.pokemonunite.jp\/wp-json\/wp\/v2\/pages"}],"about":[{"href":"https:\/\/www.pokemonunite.jp\/wp-json\/wp\/v2\/types\/page"}],"author":[{"embeddable":true,"href":"https:\/\/www.pokemonunite.jp\/wp-json\/wp\/v2\/users\/9"}],"replies":[{"embeddable":true,"href":"https:\/\/www.pokemonunite.jp\/wp-json\/wp\/v2\/comments?post=216"}],"version-history":[{"count":1,"href":"https:\/\/www.pokemonunite.jp\/wp-json\/wp\/v2\/pages\/216\/revisions"}],"predecessor-version":[{"id":3845,"href":"https:\/\/www.pokemonunite.jp\/wp-json\/wp\/v2\/pages\/216\/revisions\/3845"}],"wp:attachment":[{"href":"https:\/\/www.pokemonunite.jp\/wp-json\/wp\/v2\/media?parent=216"}],"curies":[{"name":"wp","href":"https:\/\/api.w.org\/{rel}","templated":true}]}}