{"id":2025,"date":"2022-11-21T02:18:10","date_gmt":"2022-11-20T17:18:10","guid":{"rendered":"https:\/\/www.pokemonunite.asia\/?page_id=2025"},"modified":"2022-11-21T02:18:10","modified_gmt":"2022-11-20T17:18:10","slug":"arena","status":"publish","type":"page","link":"https:\/\/www.pokemonunite.jp\/en\/howtoplay\/arena\/","title":{"rendered":"The Unite Battle Arena"},"content":{"rendered":"\n<div class=\"main_bg\">\n        <picture><source media=\"(min-width: 751px)\" srcset=\"https:\/\/www.pokemonunite.jp\/wp-content\/themes\/p-unite\/img\/arena\/arena_main_bg.png\" width=\"1440\" height=\"701\" alt=\"\"><img loading=\"lazy\" decoding=\"async\" src=\"https:\/\/www.pokemonunite.jp\/wp-content\/themes\/p-unite\/img\/arena\/sp_arena_main_bg.png\" width=\"750\" height=\"850\" alt=\"\">\n        <\/picture>\n<ul class=\"main_ul\">\n<li class=\"main_li main_li--01 set\">\n                <span class=\"slidelink slide01\"><\/span><\/p>\n<div class=\"pin-info\">Base<\/div>\n<\/li>\n<li class=\"main_li main_li--02\">\n<ul class=\"main_subul\">\n<li class=\"main_subli main_subli--01 set\">\n                    <span class=\"slidelink slide02\"><\/span><\/p>\n<div class=\"pin-info\">Goal Zones<\/div>\n<\/li>\n<li class=\"main_subli main_subli--02 set\">\n                    <span class=\"slidelink slide02\"><\/span><\/p>\n<div class=\"pin-info\">Goal Zones<\/div>\n<\/li>\n<\/ul>\n<\/li>\n<li class=\"main_li main_li--03 set\">\n                <span class=\"slidelink slide03\"><\/span><\/p>\n<div class=\"pin-info\">Central Area<\/div>\n<\/li>\n<li class=\"main_li main_li--04 arrow\">\n<p class=\"arrowimg\">\n                    <span class=\"arrowspan\"><img decoding=\"async\" src=\"https:\/\/www.pokemonunite.jp\/wp-content\/themes\/p-unite\/img\/arena\/arrow.png\" alt=\"\"><\/span>\n                <\/p>\n<p>                <span class=\"slidelink slide04\"><\/span>\n            <\/li>\n<li class=\"main_li main_li--05 set\">\n                <span class=\"slidelink slide05\"><\/span><\/p>\n<div class=\"pin-info\">Legendary Pit<\/div>\n<\/li>\n<\/ul><\/div>\n<h2 class=\"main_h2\">\n        <picture><source media=\"(min-width: 751px)\" srcset=\"https:\/\/www.pokemonunite.jp\/wp-content\/themes\/p-unite\/img\/arena\/arena_h2_en.png\" width=\"1034\" height=\"204\" alt=\"The Unite Battle Arena Introducing the Stadiums used for Unite Battles!\"><img loading=\"lazy\" decoding=\"async\" src=\"https:\/\/www.pokemonunite.jp\/wp-content\/themes\/p-unite\/img\/arena\/sp_arena_h2_en.png\" width=\"651\" height=\"208\" alt=\"The Unite Battle Arena Introducing the Stadiums used for Unite Battles!\">\n        <\/picture>\n    <\/h2>\n<p class=\"main_txt\">Unite Battles take place in stadiums exclusively used for them.<br \/>Your team&#8217;s side is colored purple and the opponents is orange. Score goals by invading the opponent&#8217;s side.<\/p>\n<article class=\"arena\">\n<section>\n<ul class=\"sec_slideul arena\">\n<li class=\"sec_slideli slick-slide\">\n<div class=\"slide_area arena\">\n<p class=\"arena_img\"><img loading=\"lazy\" decoding=\"async\" src=\"https:\/\/www.pokemonunite.jp\/wp-content\/themes\/p-unite\/img\/arena\/arena_icon01.png\" width=\"214\" height=\"216\" alt=\"Base\"><\/p>\n<div class=\"arena_txtarea\">\n<h4 class=\"arena_ttl\"><span>Base<\/span><\/h4>\n<p class=\"arena_txt\">This is where all Pok\u00e9mon start the battle. If Pok\u00e9mon are KO&#8217;d, they will be returned to their base but will be able to re-join the battle after a short time.<\/p>\n<\/p><\/div>\n<\/p><\/div>\n<\/li>\n<li class=\"sec_slideli slick-slide\">\n<div class=\"slide_area arena\">\n<p class=\"arena_img\"><img loading=\"lazy\" decoding=\"async\" src=\"https:\/\/www.pokemonunite.jp\/wp-content\/themes\/p-unite\/img\/arena\/arena_icon02.png\" width=\"214\" height=\"216\" alt=\"Goal Zones\"><\/p>\n<div class=\"arena_txtarea\">\n<h4 class=\"arena_ttl\"><span>Goal Zones<\/span><\/h4>\n<p class=\"arena_txt\">Depositing Aeos Energy into the opponent&#8217;s goal will result in a score for your team. It&#8217;s common to see many fierce battles around the goal zone.<\/p>\n<\/p><\/div>\n<\/p><\/div>\n<\/li>\n<li class=\"sec_slideli slick-slide\">\n<div class=\"slide_area arena\">\n<p class=\"arena_img\"><img loading=\"lazy\" decoding=\"async\" src=\"https:\/\/www.pokemonunite.jp\/wp-content\/themes\/p-unite\/img\/arena\/arena_icon03.png\" width=\"214\" height=\"216\" alt=\"Central Area\"><\/p>\n<div class=\"arena_txtarea\">\n<h4 class=\"arena_ttl\"><span>Central Area<\/span><\/h4>\n<p class=\"arena_txt\">Many wild Pok\u00e9mon will appear within the inner parts of all routes. If your Pok\u00e9mon go in the grass, your Pok\u00e9mon can be invisible to opponents Pok\u00e9mon.<\/p>\n<\/p><\/div>\n<\/p><\/div>\n<\/li>\n<li class=\"sec_slideli slick-slide\">\n<div class=\"slide_area arena\">\n<p class=\"arena_img\"><img loading=\"lazy\" decoding=\"async\" src=\"https:\/\/www.pokemonunite.jp\/wp-content\/themes\/p-unite\/img\/arena\/arena_icon04.png\" width=\"214\" height=\"216\" alt=\"Paths\"><\/p>\n<div class=\"arena_txtarea\">\n<h4 class=\"arena_ttl\"><span>Paths<\/span><\/h4>\n<p class=\"arena_txt\">These are the paths which lead to the goal zones. They&#8217;re split into two, so deciding how many Pok\u00e9mon choose each path is an important part of your strategy.<\/p>\n<\/p><\/div>\n<\/p><\/div>\n<\/li>\n<li class=\"sec_slideli slick-slide\">\n<div class=\"slide_area arena\">\n<p class=\"arena_img\"><img loading=\"lazy\" decoding=\"async\" src=\"https:\/\/www.pokemonunite.jp\/wp-content\/themes\/p-unite\/img\/arena\/arena_icon05.png\" width=\"214\" height=\"216\" alt=\"Legendary Pit\"><\/p>\n<div class=\"arena_txtarea\">\n<h4 class=\"arena_ttl\"><span>Legendary Pit<\/span><\/h4>\n<p class=\"arena_txt\">This is where the Legendary Pok\u00e9mon &#8220;Zapdos&#8221; appears once it gets to the end off battle.<\/p>\n<\/p><\/div>\n<\/p><\/div>\n<\/li>\n<\/ul>\n<\/section>\n<\/article>\n<article>\n<section>\n<ul class=\"link_ul\">\n<li class=\"link_li\"><a href=\"\/en\/howtoplay\/about\/\">What are <br \/><br class=\"sp\">Unite Battles?<\/a><\/li>\n<li class=\"link_li n_active\"><span>The Unite <br \/><br class=\"sp\">Battle Arena<\/span><\/li>\n<li class=\"link_li\"><a href=\"\/en\/howtoplay\/tips\/\">Tips for <br \/><br class=\"sp\">Unite Battles<\/a><\/li>\n<\/ul>\n<\/section>\n<\/article>\n","protected":false},"excerpt":{"rendered":"<p>Base Goal Zones Goal Zones Central Area Legendary Pit Unite Battles take place in stadiums exclusively used for them.Your team&#8217;s side is colored purple and the opponents is orange. Score goals by invading the opponent&#8217;s side. Base This is where all Pok\u00e9mon start the battle. If Pok\u00e9mon are KO&#8217;d, they will be returned to their [&hellip;]<\/p>\n","protected":false},"author":9,"featured_media":0,"parent":90,"menu_order":0,"comment_status":"closed","ping_status":"closed","template":"","meta":{"_acf_changed":false,"_locale":"en_US","_original_post":"https:\/\/www.pokemonunite.asia\/?page_id=14","footnotes":""},"class_list":["post-2025","page","type-page","status-publish","hentry","en-US"],"acf":[],"_links":{"self":[{"href":"https:\/\/www.pokemonunite.jp\/wp-json\/wp\/v2\/pages\/2025"}],"collection":[{"href":"https:\/\/www.pokemonunite.jp\/wp-json\/wp\/v2\/pages"}],"about":[{"href":"https:\/\/www.pokemonunite.jp\/wp-json\/wp\/v2\/types\/page"}],"author":[{"embeddable":true,"href":"https:\/\/www.pokemonunite.jp\/wp-json\/wp\/v2\/users\/9"}],"replies":[{"embeddable":true,"href":"https:\/\/www.pokemonunite.jp\/wp-json\/wp\/v2\/comments?post=2025"}],"version-history":[{"count":0,"href":"https:\/\/www.pokemonunite.jp\/wp-json\/wp\/v2\/pages\/2025\/revisions"}],"up":[{"embeddable":true,"href":"https:\/\/www.pokemonunite.jp\/wp-json\/wp\/v2\/pages\/90"}],"wp:attachment":[{"href":"https:\/\/www.pokemonunite.jp\/wp-json\/wp\/v2\/media?parent=2025"}],"curies":[{"name":"wp","href":"https:\/\/api.w.org\/{rel}","templated":true}]}}